{"id":2110,"date":"2024-10-16T16:04:05","date_gmt":"2024-10-16T14:04:05","guid":{"rendered":"https:\/\/nubebook.es\/solutions\/estrategia-seo\/"},"modified":"2025-01-10T14:11:02","modified_gmt":"2025-01-10T13:11:02","slug":"seo-strategy","status":"publish","type":"page","link":"https:\/\/backend.nubebook.es\/en\/solutions\/seo-strategy\/","title":{"rendered":"SEO Strategy"},"content":{"rendered":"\n<script type=\"application\/ld+json\">\n{\n  \"@context\": \"https:\/\/schema.org\/\",\n  \"@type\": \"Product\",\n  \"name\": \"Servicio de SEO para hoteles\",\n  \"image\": \"https:\/\/nubebook.es\/wp-content\/uploads\/2024\/11\/Estrategia-SEO.jpg\",\n  \"description\": \"Atrae hu\u00e9spedes org\u00e1nicamente con Nubebook. SEO para hoteles dise\u00f1ado para destacar en buscadores y maximizar tus reservas. \u00a1Cont\u00e1ctanos!\",\n  \"brand\": {\n    \"@type\": \"Brand\",\n    \"name\": \"NubeBook\"\n  },\n  \"aggregateRating\": {\n    \"@type\": \"AggregateRating\",\n    \"ratingValue\": \"4.9\",\n    \"bestRating\": \"5\",\n    \"worstRating\": \"1\",\n    \"ratingCount\": \"287\"\n  }\n}\n<\/script>\n","protected":false},"excerpt":{"rendered":"","protected":false},"author":1,"featured_media":0,"parent":1987,"menu_order":0,"comment_status":"closed","ping_status":"closed","template":"servicios.php","meta":{"_acf_changed":false,"inline_featured_image":false,"_uag_custom_page_level_css":"","_joinchat":[],"footnotes":""},"class_list":["post-2110","page","type-page","status-publish","hentry"],"acf":{"type":false,"img_hero":{"ID":1643,"id":1643,"title":"Estrategia SEO","filename":"Estrategia-SEO.jpg","filesize":88560,"url":"https:\/\/backend.nubebook.es\/wp-content\/uploads\/2024\/11\/Estrategia-SEO.jpg","link":"https:\/\/backend.nubebook.es\/en\/solutions\/seo-strategy\/attachment\/estrategia-seo-2-2\/","alt":"","author":"1","description":"","caption":"","name":"estrategia-seo-2-2","status":"inherit","uploaded_to":2110,"date":"2024-11-04 13:17:29","modified":"2024-11-04 13:17:29","menu_order":0,"mime_type":"image\/jpeg","type":"image","subtype":"jpeg","icon":"https:\/\/backend.nubebook.es\/wp-includes\/images\/media\/default.png","width":1500,"height":1104,"sizes":{"thumbnail":"https:\/\/backend.nubebook.es\/wp-content\/uploads\/2024\/11\/Estrategia-SEO-150x150.jpg","thumbnail-width":150,"thumbnail-height":150,"medium":"https:\/\/backend.nubebook.es\/wp-content\/uploads\/2024\/11\/Estrategia-SEO-300x221.jpg","medium-width":300,"medium-height":221,"medium_large":"https:\/\/backend.nubebook.es\/wp-content\/uploads\/2024\/11\/Estrategia-SEO-768x565.jpg","medium_large-width":768,"medium_large-height":565,"large":"https:\/\/backend.nubebook.es\/wp-content\/uploads\/2024\/11\/Estrategia-SEO-1024x754.jpg","large-width":1024,"large-height":754,"1536x1536":"https:\/\/backend.nubebook.es\/wp-content\/uploads\/2024\/11\/Estrategia-SEO.jpg","1536x1536-width":1500,"1536x1536-height":1104,"2048x2048":"https:\/\/backend.nubebook.es\/wp-content\/uploads\/2024\/11\/Estrategia-SEO.jpg","2048x2048-width":1500,"2048x2048-height":1104}},"titulo_1":"<p>SEO Service<\/p>\n","titulo_2":"<p>for Hotels<\/p>\n","titulo_hero":"<p>We are SEO experts and understand how crucial it is for your business to rank on all search engines and gain maximum online visibility.<\/p>\n","enlace_descubre":{"title":"Contact","url":"https:\/\/nubebook.es\/en\/contacto\/","target":""},"subtitulo":"","content":[{"acf_fc_layout":"lista","titulo":"<p>The <strong>Importance<\/strong> of having <strong>good SEO<\/strong> for Your Hotel<\/p>\n","subtitulo":"<p><strong> 93% of online experiences begin with a search engine.<\/strong>. If you\u2019re not there, it\u2019s like opening a hotel on a deserted island and telling no one. SEO is your compass, your hotel\u2019s shining beacon, the \u201cEveryone, come here!\u201d sign that helps travelers find your business before your competitor\u2019s.<\/p>\n","lista":[{"icon":{"ID":1853,"id":1853,"title":"Group 66","filename":"Group-66.svg","filesize":7022,"url":"https:\/\/backend.nubebook.es\/wp-content\/uploads\/2024\/12\/Group-66.svg","link":"https:\/\/backend.nubebook.es\/en\/solutions\/seo-strategy\/attachment\/group-66-2\/","alt":"","author":"3","description":"","caption":"","name":"group-66-2","status":"inherit","uploaded_to":2110,"date":"2024-12-02 16:09:40","modified":"2025-01-08 10:08:12","menu_order":0,"mime_type":"image\/svg+xml","type":"image","subtype":"svg+xml","icon":"https:\/\/backend.nubebook.es\/wp-includes\/images\/media\/default.png","width":52,"height":52,"sizes":{"thumbnail":"https:\/\/backend.nubebook.es\/wp-content\/uploads\/2024\/12\/Group-66.svg","thumbnail-width":150,"thumbnail-height":150,"medium":"https:\/\/backend.nubebook.es\/wp-content\/uploads\/2024\/12\/Group-66.svg","medium-width":300,"medium-height":300,"medium_large":"https:\/\/backend.nubebook.es\/wp-content\/uploads\/2024\/12\/Group-66.svg","medium_large-width":768,"medium_large-height":768,"large":"https:\/\/backend.nubebook.es\/wp-content\/uploads\/2024\/12\/Group-66.svg","large-width":1024,"large-height":1024,"1536x1536":"https:\/\/backend.nubebook.es\/wp-content\/uploads\/2024\/12\/Group-66.svg","1536x1536-width":52,"1536x1536-height":52,"2048x2048":"https:\/\/backend.nubebook.es\/wp-content\/uploads\/2024\/12\/Group-66.svg","2048x2048-width":52,"2048x2048-height":52}},"titulo":"SEO Audit for Your Business","descripcion":"<p>We analyze your website, target audience, and competitors, identifying areas for improvement to build a solid strategy and set clear objectives.<\/p>\n"},{"icon":{"ID":1857,"id":1857,"title":"Group 68","filename":"Group-68.svg","filesize":3603,"url":"https:\/\/backend.nubebook.es\/wp-content\/uploads\/2024\/12\/Group-68.svg","link":"https:\/\/backend.nubebook.es\/en\/inicio\/attachment\/group-68-2\/","alt":"","author":"3","description":"","caption":"","name":"group-68-2","status":"inherit","uploaded_to":1962,"date":"2024-12-02 16:09:40","modified":"2025-01-03 10:15:13","menu_order":0,"mime_type":"image\/svg+xml","type":"image","subtype":"svg+xml","icon":"https:\/\/backend.nubebook.es\/wp-includes\/images\/media\/default.png","width":52,"height":52,"sizes":{"thumbnail":"https:\/\/backend.nubebook.es\/wp-content\/uploads\/2024\/12\/Group-68.svg","thumbnail-width":150,"thumbnail-height":150,"medium":"https:\/\/backend.nubebook.es\/wp-content\/uploads\/2024\/12\/Group-68.svg","medium-width":300,"medium-height":300,"medium_large":"https:\/\/backend.nubebook.es\/wp-content\/uploads\/2024\/12\/Group-68.svg","medium_large-width":768,"medium_large-height":768,"large":"https:\/\/backend.nubebook.es\/wp-content\/uploads\/2024\/12\/Group-68.svg","large-width":1024,"large-height":1024,"1536x1536":"https:\/\/backend.nubebook.es\/wp-content\/uploads\/2024\/12\/Group-68.svg","1536x1536-width":52,"1536x1536-height":52,"2048x2048":"https:\/\/backend.nubebook.es\/wp-content\/uploads\/2024\/12\/Group-68.svg","2048x2048-width":52,"2048x2048-height":52}},"titulo":"SEO Strategy","descripcion":"<p>We develop a complete SEO strategy for your tourist accommodation, covering all points and actions needed to achieve your goals.<\/p>\n"},{"icon":{"ID":1829,"id":1829,"title":"Group 49","filename":"Group-49.svg","filesize":4893,"url":"https:\/\/backend.nubebook.es\/wp-content\/uploads\/2024\/12\/Group-49.svg","link":"https:\/\/backend.nubebook.es\/en\/inicio\/attachment\/group-49-2\/","alt":"","author":"3","description":"","caption":"","name":"group-49-2","status":"inherit","uploaded_to":1962,"date":"2024-12-02 16:09:37","modified":"2025-01-03 10:15:13","menu_order":0,"mime_type":"image\/svg+xml","type":"image","subtype":"svg+xml","icon":"https:\/\/backend.nubebook.es\/wp-includes\/images\/media\/default.png","width":52,"height":52,"sizes":{"thumbnail":"https:\/\/backend.nubebook.es\/wp-content\/uploads\/2024\/12\/Group-49.svg","thumbnail-width":150,"thumbnail-height":150,"medium":"https:\/\/backend.nubebook.es\/wp-content\/uploads\/2024\/12\/Group-49.svg","medium-width":300,"medium-height":300,"medium_large":"https:\/\/backend.nubebook.es\/wp-content\/uploads\/2024\/12\/Group-49.svg","medium_large-width":768,"medium_large-height":768,"large":"https:\/\/backend.nubebook.es\/wp-content\/uploads\/2024\/12\/Group-49.svg","large-width":1024,"large-height":1024,"1536x1536":"https:\/\/backend.nubebook.es\/wp-content\/uploads\/2024\/12\/Group-49.svg","1536x1536-width":52,"1536x1536-height":52,"2048x2048":"https:\/\/backend.nubebook.es\/wp-content\/uploads\/2024\/12\/Group-49.svg","2048x2048-width":52,"2048x2048-height":52}},"titulo":"Keywords","descripcion":"<p>We research all keywords and content that will be part of your hotel\u2019s SEO strategy, considering market niches, target audience, and objectives.<\/p>\n"},{"icon":{"ID":1855,"id":1855,"title":"Group 67","filename":"Group-67.svg","filesize":5430,"url":"https:\/\/backend.nubebook.es\/wp-content\/uploads\/2024\/12\/Group-67.svg","link":"https:\/\/backend.nubebook.es\/en\/solutions\/seo-strategy\/attachment\/group-67-2\/","alt":"","author":"3","description":"","caption":"","name":"group-67-2","status":"inherit","uploaded_to":2110,"date":"2024-12-02 16:09:40","modified":"2025-01-08 10:08:12","menu_order":0,"mime_type":"image\/svg+xml","type":"image","subtype":"svg+xml","icon":"https:\/\/backend.nubebook.es\/wp-includes\/images\/media\/default.png","width":52,"height":52,"sizes":{"thumbnail":"https:\/\/backend.nubebook.es\/wp-content\/uploads\/2024\/12\/Group-67.svg","thumbnail-width":150,"thumbnail-height":150,"medium":"https:\/\/backend.nubebook.es\/wp-content\/uploads\/2024\/12\/Group-67.svg","medium-width":300,"medium-height":300,"medium_large":"https:\/\/backend.nubebook.es\/wp-content\/uploads\/2024\/12\/Group-67.svg","medium_large-width":768,"medium_large-height":768,"large":"https:\/\/backend.nubebook.es\/wp-content\/uploads\/2024\/12\/Group-67.svg","large-width":1024,"large-height":1024,"1536x1536":"https:\/\/backend.nubebook.es\/wp-content\/uploads\/2024\/12\/Group-67.svg","1536x1536-width":52,"1536x1536-height":52,"2048x2048":"https:\/\/backend.nubebook.es\/wp-content\/uploads\/2024\/12\/Group-67.svg","2048x2048-width":52,"2048x2048-height":52}},"titulo":"Irresistible Content","descripcion":"<p>We create unique, personalized content. We focus on experiences, help you sell emotions, and explain why staying at your hotel is better than staying at home.<\/p>\n"},{"icon":{"ID":1831,"id":1831,"title":"Group 50","filename":"Group-50.svg","filesize":10382,"url":"https:\/\/backend.nubebook.es\/wp-content\/uploads\/2024\/12\/Group-50.svg","link":"https:\/\/backend.nubebook.es\/en\/inicio\/attachment\/group-50-2\/","alt":"","author":"3","description":"","caption":"","name":"group-50-2","status":"inherit","uploaded_to":1962,"date":"2024-12-02 16:09:38","modified":"2025-01-03 10:15:13","menu_order":0,"mime_type":"image\/svg+xml","type":"image","subtype":"svg+xml","icon":"https:\/\/backend.nubebook.es\/wp-includes\/images\/media\/default.png","width":52,"height":52,"sizes":{"thumbnail":"https:\/\/backend.nubebook.es\/wp-content\/uploads\/2024\/12\/Group-50.svg","thumbnail-width":150,"thumbnail-height":150,"medium":"https:\/\/backend.nubebook.es\/wp-content\/uploads\/2024\/12\/Group-50.svg","medium-width":300,"medium-height":300,"medium_large":"https:\/\/backend.nubebook.es\/wp-content\/uploads\/2024\/12\/Group-50.svg","medium_large-width":768,"medium_large-height":768,"large":"https:\/\/backend.nubebook.es\/wp-content\/uploads\/2024\/12\/Group-50.svg","large-width":1024,"large-height":1024,"1536x1536":"https:\/\/backend.nubebook.es\/wp-content\/uploads\/2024\/12\/Group-50.svg","1536x1536-width":52,"1536x1536-height":52,"2048x2048":"https:\/\/backend.nubebook.es\/wp-content\/uploads\/2024\/12\/Group-50.svg","2048x2048-width":52,"2048x2048-height":52}},"titulo":"Local SEO","descripcion":"<p>We optimize your hotel\u2019s Google My Business profile to make it the star of your area (just like those review stars that keep growing in importance).<\/p>\n"},{"icon":{"ID":1843,"id":1843,"title":"Group 55-1","filename":"Group-55-1.svg","filesize":4967,"url":"https:\/\/backend.nubebook.es\/wp-content\/uploads\/2024\/12\/Group-55-1.svg","link":"https:\/\/backend.nubebook.es\/en\/solutions\/seo-strategy\/attachment\/group-55-1-2\/","alt":"","author":"3","description":"","caption":"","name":"group-55-1-2","status":"inherit","uploaded_to":2110,"date":"2024-12-02 16:09:39","modified":"2024-12-02 16:09:39","menu_order":0,"mime_type":"image\/svg+xml","type":"image","subtype":"svg+xml","icon":"https:\/\/backend.nubebook.es\/wp-includes\/images\/media\/default.png","width":52,"height":52,"sizes":{"thumbnail":"https:\/\/backend.nubebook.es\/wp-content\/uploads\/2024\/12\/Group-55-1.svg","thumbnail-width":150,"thumbnail-height":150,"medium":"https:\/\/backend.nubebook.es\/wp-content\/uploads\/2024\/12\/Group-55-1.svg","medium-width":300,"medium-height":300,"medium_large":"https:\/\/backend.nubebook.es\/wp-content\/uploads\/2024\/12\/Group-55-1.svg","medium_large-width":768,"medium_large-height":768,"large":"https:\/\/backend.nubebook.es\/wp-content\/uploads\/2024\/12\/Group-55-1.svg","large-width":1024,"large-height":1024,"1536x1536":"https:\/\/backend.nubebook.es\/wp-content\/uploads\/2024\/12\/Group-55-1.svg","1536x1536-width":52,"1536x1536-height":52,"2048x2048":"https:\/\/backend.nubebook.es\/wp-content\/uploads\/2024\/12\/Group-55-1.svg","2048x2048-width":52,"2048x2048-height":52}},"titulo":"Fast Loading and Top-Quality Images","descripcion":"<p>If your website loads slower than a lazy Sunday breakfast and your photos look like they\u2019re from the \u201890s, you\u2019re losing before you even start. Speed and design are your best allies \u2014 we help you achieve both.<\/p>\n"}]}],"form":false},"yoast_head":"<!-- This site is optimized with the Yoast SEO plugin v26.5 - https:\/\/yoast.com\/wordpress\/plugins\/seo\/ -->\n<title>SEO para Hoteles: Aumenta tu Visibilidad Online | Nubebook<\/title>\n<meta name=\"description\" content=\"Atrae hu\u00e9spedes org\u00e1nicamente con Nubebook. SEO para hoteles dise\u00f1ado para destacar en buscadores y maximizar tus reservas. \u00a1Cont\u00e1ctanos!\" \/>\n<meta name=\"robots\" content=\"noindex, follow, max-snippet:-1, max-image-preview:large, max-video-preview:-1\" \/>\n<meta property=\"og:locale\" content=\"en_US\" \/>\n<meta property=\"og:type\" content=\"article\" \/>\n<meta property=\"og:title\" content=\"SEO para Hoteles: Aumenta tu Visibilidad Online | Nubebook\" \/>\n<meta property=\"og:description\" content=\"Atrae hu\u00e9spedes org\u00e1nicamente con Nubebook. SEO para hoteles dise\u00f1ado para destacar en buscadores y maximizar tus reservas. \u00a1Cont\u00e1ctanos!\" \/>\n<meta property=\"og:url\" content=\"https:\/\/backend.nubebook.es\/en\/solutions\/seo-strategy\/\" \/>\n<meta property=\"og:site_name\" content=\"Nubebook\" \/>\n<meta property=\"article:modified_time\" content=\"2025-01-10T13:11:02+00:00\" \/>\n<meta property=\"og:image\" content=\"https:\/\/backend.nubebook.es\/wp-content\/uploads\/2024\/12\/logo-nubebook.jpg\" \/>\n\t<meta property=\"og:image:width\" content=\"1421\" \/>\n\t<meta property=\"og:image:height\" content=\"1292\" \/>\n\t<meta property=\"og:image:type\" content=\"image\/jpeg\" \/>\n<meta name=\"twitter:card\" content=\"summary_large_image\" \/>\n<script type=\"application\/ld+json\" class=\"yoast-schema-graph\">{\"@context\":\"https:\/\/schema.org\",\"@graph\":[{\"@type\":\"WebPage\",\"@id\":\"https:\/\/backend.nubebook.es\/en\/solutions\/seo-strategy\/\",\"url\":\"https:\/\/backend.nubebook.es\/en\/solutions\/seo-strategy\/\",\"name\":\"SEO para Hoteles: Aumenta tu Visibilidad Online | Nubebook\",\"isPartOf\":{\"@id\":\"https:\/\/backend.nubebook.es\/en\/#website\"},\"datePublished\":\"2024-10-16T14:04:05+00:00\",\"dateModified\":\"2025-01-10T13:11:02+00:00\",\"description\":\"Atrae hu\u00e9spedes org\u00e1nicamente con Nubebook. SEO para hoteles dise\u00f1ado para destacar en buscadores y maximizar tus reservas. \u00a1Cont\u00e1ctanos!\",\"breadcrumb\":{\"@id\":\"https:\/\/backend.nubebook.es\/en\/solutions\/seo-strategy\/#breadcrumb\"},\"inLanguage\":\"en-US\",\"potentialAction\":[{\"@type\":\"ReadAction\",\"target\":[\"https:\/\/backend.nubebook.es\/en\/solutions\/seo-strategy\/\"]}]},{\"@type\":\"BreadcrumbList\",\"@id\":\"https:\/\/backend.nubebook.es\/en\/solutions\/seo-strategy\/#breadcrumb\",\"itemListElement\":[{\"@type\":\"ListItem\",\"position\":1,\"name\":\"Portada\",\"item\":\"https:\/\/backend.nubebook.es\/en\/\"},{\"@type\":\"ListItem\",\"position\":2,\"name\":\"Solutions\",\"item\":\"https:\/\/backend.nubebook.es\/en\/soluciones\/\"},{\"@type\":\"ListItem\",\"position\":3,\"name\":\"SEO Strategy\"}]},{\"@type\":\"WebSite\",\"@id\":\"https:\/\/backend.nubebook.es\/en\/#website\",\"url\":\"https:\/\/backend.nubebook.es\/en\/\",\"name\":\"Nubebook\",\"description\":\"Vende directamente, elimina intermediarios y toma el control de tus ventas. Tu web ser\u00e1 tu principal canal y quien te de m\u00e1s beneficios.\",\"publisher\":{\"@id\":\"https:\/\/backend.nubebook.es\/en\/#organization\"},\"potentialAction\":[{\"@type\":\"SearchAction\",\"target\":{\"@type\":\"EntryPoint\",\"urlTemplate\":\"https:\/\/backend.nubebook.es\/en\/?s={search_term_string}\"},\"query-input\":{\"@type\":\"PropertyValueSpecification\",\"valueRequired\":true,\"valueName\":\"search_term_string\"}}],\"inLanguage\":\"en-US\"},{\"@type\":\"Organization\",\"@id\":\"https:\/\/backend.nubebook.es\/en\/#organization\",\"name\":\"Nubebook\",\"url\":\"https:\/\/backend.nubebook.es\/en\/\",\"logo\":{\"@type\":\"ImageObject\",\"inLanguage\":\"en-US\",\"@id\":\"https:\/\/backend.nubebook.es\/en\/#\/schema\/logo\/image\/\",\"url\":\"https:\/\/backend.nubebook.es\/wp-content\/uploads\/2024\/12\/logo-nubebook.jpg\",\"contentUrl\":\"https:\/\/backend.nubebook.es\/wp-content\/uploads\/2024\/12\/logo-nubebook.jpg\",\"width\":1421,\"height\":1292,\"caption\":\"Nubebook\"},\"image\":{\"@id\":\"https:\/\/backend.nubebook.es\/en\/#\/schema\/logo\/image\/\"}}]}<\/script>\n<!-- \/ Yoast SEO plugin. -->","yoast_head_json":{"title":"SEO para Hoteles: Aumenta tu Visibilidad Online | Nubebook","description":"Atrae hu\u00e9spedes org\u00e1nicamente con Nubebook. SEO para hoteles dise\u00f1ado para destacar en buscadores y maximizar tus reservas. \u00a1Cont\u00e1ctanos!","robots":{"index":"noindex","follow":"follow","max-snippet":"max-snippet:-1","max-image-preview":"max-image-preview:large","max-video-preview":"max-video-preview:-1"},"og_locale":"en_US","og_type":"article","og_title":"SEO para Hoteles: Aumenta tu Visibilidad Online | Nubebook","og_description":"Atrae hu\u00e9spedes org\u00e1nicamente con Nubebook. SEO para hoteles dise\u00f1ado para destacar en buscadores y maximizar tus reservas. \u00a1Cont\u00e1ctanos!","og_url":"https:\/\/backend.nubebook.es\/en\/solutions\/seo-strategy\/","og_site_name":"Nubebook","article_modified_time":"2025-01-10T13:11:02+00:00","og_image":[{"width":1421,"height":1292,"url":"https:\/\/backend.nubebook.es\/wp-content\/uploads\/2024\/12\/logo-nubebook.jpg","type":"image\/jpeg"}],"twitter_card":"summary_large_image","schema":{"@context":"https:\/\/schema.org","@graph":[{"@type":"WebPage","@id":"https:\/\/backend.nubebook.es\/en\/solutions\/seo-strategy\/","url":"https:\/\/backend.nubebook.es\/en\/solutions\/seo-strategy\/","name":"SEO para Hoteles: Aumenta tu Visibilidad Online | Nubebook","isPartOf":{"@id":"https:\/\/backend.nubebook.es\/en\/#website"},"datePublished":"2024-10-16T14:04:05+00:00","dateModified":"2025-01-10T13:11:02+00:00","description":"Atrae hu\u00e9spedes org\u00e1nicamente con Nubebook. SEO para hoteles dise\u00f1ado para destacar en buscadores y maximizar tus reservas. \u00a1Cont\u00e1ctanos!","breadcrumb":{"@id":"https:\/\/backend.nubebook.es\/en\/solutions\/seo-strategy\/#breadcrumb"},"inLanguage":"en-US","potentialAction":[{"@type":"ReadAction","target":["https:\/\/backend.nubebook.es\/en\/solutions\/seo-strategy\/"]}]},{"@type":"BreadcrumbList","@id":"https:\/\/backend.nubebook.es\/en\/solutions\/seo-strategy\/#breadcrumb","itemListElement":[{"@type":"ListItem","position":1,"name":"Portada","item":"https:\/\/backend.nubebook.es\/en\/"},{"@type":"ListItem","position":2,"name":"Solutions","item":"https:\/\/backend.nubebook.es\/en\/soluciones\/"},{"@type":"ListItem","position":3,"name":"SEO Strategy"}]},{"@type":"WebSite","@id":"https:\/\/backend.nubebook.es\/en\/#website","url":"https:\/\/backend.nubebook.es\/en\/","name":"Nubebook","description":"Vende directamente, elimina intermediarios y toma el control de tus ventas. Tu web ser\u00e1 tu principal canal y quien te de m\u00e1s beneficios.","publisher":{"@id":"https:\/\/backend.nubebook.es\/en\/#organization"},"potentialAction":[{"@type":"SearchAction","target":{"@type":"EntryPoint","urlTemplate":"https:\/\/backend.nubebook.es\/en\/?s={search_term_string}"},"query-input":{"@type":"PropertyValueSpecification","valueRequired":true,"valueName":"search_term_string"}}],"inLanguage":"en-US"},{"@type":"Organization","@id":"https:\/\/backend.nubebook.es\/en\/#organization","name":"Nubebook","url":"https:\/\/backend.nubebook.es\/en\/","logo":{"@type":"ImageObject","inLanguage":"en-US","@id":"https:\/\/backend.nubebook.es\/en\/#\/schema\/logo\/image\/","url":"https:\/\/backend.nubebook.es\/wp-content\/uploads\/2024\/12\/logo-nubebook.jpg","contentUrl":"https:\/\/backend.nubebook.es\/wp-content\/uploads\/2024\/12\/logo-nubebook.jpg","width":1421,"height":1292,"caption":"Nubebook"},"image":{"@id":"https:\/\/backend.nubebook.es\/en\/#\/schema\/logo\/image\/"}}]}},"uagb_featured_image_src":{"full":false,"thumbnail":false,"medium":false,"medium_large":false,"large":false,"1536x1536":false,"2048x2048":false},"uagb_author_info":{"display_name":"@nubeseo","author_link":"https:\/\/backend.nubebook.es\/en\/blog\/author\/nubeseo\/"},"uagb_comment_info":0,"uagb_excerpt":null,"_links":{"self":[{"href":"https:\/\/backend.nubebook.es\/en\/wp-json\/wp\/v2\/pages\/2110","targetHints":{"allow":["GET"]}}],"collection":[{"href":"https:\/\/backend.nubebook.es\/en\/wp-json\/wp\/v2\/pages"}],"about":[{"href":"https:\/\/backend.nubebook.es\/en\/wp-json\/wp\/v2\/types\/page"}],"author":[{"embeddable":true,"href":"https:\/\/backend.nubebook.es\/en\/wp-json\/wp\/v2\/users\/1"}],"replies":[{"embeddable":true,"href":"https:\/\/backend.nubebook.es\/en\/wp-json\/wp\/v2\/comments?post=2110"}],"version-history":[{"count":1,"href":"https:\/\/backend.nubebook.es\/en\/wp-json\/wp\/v2\/pages\/2110\/revisions"}],"predecessor-version":[{"id":2112,"href":"https:\/\/backend.nubebook.es\/en\/wp-json\/wp\/v2\/pages\/2110\/revisions\/2112"}],"up":[{"embeddable":true,"href":"https:\/\/backend.nubebook.es\/en\/wp-json\/wp\/v2\/pages\/1987"}],"wp:attachment":[{"href":"https:\/\/backend.nubebook.es\/en\/wp-json\/wp\/v2\/media?parent=2110"}],"curies":[{"name":"wp","href":"https:\/\/api.w.org\/{rel}","templated":true}]}}